{"id":332,"date":"2024-09-09T17:01:33","date_gmt":"2024-09-09T15:01:33","guid":{"rendered":"https:\/\/autismusinfo.com\/?page_id=332"},"modified":"2025-10-20T13:16:07","modified_gmt":"2025-10-20T11:16:07","slug":"home","status":"publish","type":"page","link":"https:\/\/autismusinfo.com\/da\/","title":{"rendered":"Home"},"content":{"rendered":"<section class=\"bde-section-332-100 bde-section\">\n  \n  \n\t\n\n\n\n<div class=\"section-container\"><div class=\"bde-text-332-101 bde-text\">\nHjertelig velkommen til autismusinfo.com\n<\/div><div class=\"bde-rich-text-332-109 bde-rich-text breakdance-rich-text-styles\">\n<h2>Her finder du r\u00e5dgivning, information og tools om autisme, ADHD, barrierefrihed og inklusion.<\/h2>\n<\/div><div class=\"bde-columns-332-120 bde-columns\"><div class=\"bde-column-332-121 bde-column\">\n  \n  \n\t\n\n\n\n<a class=\"bde-text-link-332-126 bde-text-link breakdance-link\" href=\"https:\/\/autismusinfo.com\/da\/beratung-privatpersonen\/\" target=\"_self\" data-type=\"url\">\n  R\u00e5dgivning for privatpersoner\n\n<\/a>\n<\/div><div class=\"bde-column-332-122 bde-column\">\n  \n  \n\t\n\n\n\n<a class=\"bde-text-link-332-127 bde-text-link breakdance-link\" href=\"https:\/\/autismusinfo.com\/da\/beratung-firmen-und-organisationen\/\" target=\"_self\" data-type=\"url\">\n  R\u00e5dgivning for virksomheder og organisationer\n\n<\/a>\n<\/div><div class=\"bde-column-332-123 bde-column\">\n  \n  \n\t\n\n\n\n<a class=\"bde-text-link-332-128 bde-text-link breakdance-link\" href=\"https:\/\/autismusinfo.com\/da\/ueber-mich\/\" target=\"_self\" data-type=\"url\">\n  Om Sigrid Andersen\n\n<\/a>\n<\/div><\/div><div class=\"bde-columns-332-129 bde-columns\"><div class=\"bde-column-332-130 bde-column\">\n  \n  \n\t\n\n\n\n<a class=\"bde-text-link-332-131 bde-text-link breakdance-link\" href=\"https:\/\/autismusinfo.com\/da\/tools-links-frageboegen\/\" target=\"_self\" data-type=\"url\">\n  V\u00e6rkt\u00f8jer, links og sp\u00f8rgeskemaer\n\n<\/a>\n<\/div><div class=\"bde-column-332-132 bde-column\">\n  \n  \n\t\n\n\n\n<a class=\"bde-text-link-332-133 bde-text-link breakdance-link\" href=\"https:\/\/autismusinfo.com\/da\/blog\/\" target=\"_self\" data-type=\"url\">\n  Blog\n\n<\/a>\n<\/div><div class=\"bde-column-332-134 bde-column\">\n  \n  \n\t\n\n\n\n<a class=\"bde-text-link-332-135 bde-text-link breakdance-link\" href=\"https:\/\/autismusinfo.com\/da\/community\/\" target=\"_self\" data-type=\"url\">\n  Community\n\n<\/a>\n<\/div><\/div><div class=\"bde-columns-332-140 bde-columns\"><div class=\"bde-column-332-145 bde-column\">\n  \n  \n\t\n\n\n\n<a class=\"bde-text-link-332-146 bde-text-link breakdance-link\" href=\"https:\/\/autismusinfo.com\/da\/zusammenarbeit\/\" target=\"_self\" data-type=\"url\">\n  Samarbejde\n\n<\/a>\n<\/div><div class=\"bde-column-332-149 bde-column\">\n  \n  \n\t\n\n\n\n<a class=\"bde-text-link-332-150 bde-text-link breakdance-link\" href=\"https:\/\/autismusinfo.com\/da\/mein-buch\/\" target=\"_self\" data-type=\"url\">\n  Mein Buch\n\n<\/a>\n<\/div><\/div><\/div>\n<\/section>","protected":false},"excerpt":{"rendered":"<p>Herzlich willkommen auf autismusinfo.com Hier finden Sie Beratung, Information und Tools zu den Themen Autismus, ADHS, Barrierefreiheit &amp; Inklusion. Beratung Privatpersonen Beratung Firmen und Organisationen \u00dcber mich Tools, Links und Frageb\u00f6gen Blog Community Zusammenarbeit Mein Buch<\/p>","protected":false},"author":2,"featured_media":0,"parent":0,"menu_order":0,"comment_status":"closed","ping_status":"closed","template":"","meta":{"_breakdance_hide_in_design_set":false,"_breakdance_tags":"","footnotes":""},"class_list":["post-332","page","type-page","status-publish","hentry"],"post_mailing_queue_ids":[],"_links":{"self":[{"href":"https:\/\/autismusinfo.com\/da\/wp-json\/wp\/v2\/pages\/332","targetHints":{"allow":["GET"]}}],"collection":[{"href":"https:\/\/autismusinfo.com\/da\/wp-json\/wp\/v2\/pages"}],"about":[{"href":"https:\/\/autismusinfo.com\/da\/wp-json\/wp\/v2\/types\/page"}],"author":[{"embeddable":true,"href":"https:\/\/autismusinfo.com\/da\/wp-json\/wp\/v2\/users\/2"}],"replies":[{"embeddable":true,"href":"https:\/\/autismusinfo.com\/da\/wp-json\/wp\/v2\/comments?post=332"}],"version-history":[{"count":19,"href":"https:\/\/autismusinfo.com\/da\/wp-json\/wp\/v2\/pages\/332\/revisions"}],"predecessor-version":[{"id":775,"href":"https:\/\/autismusinfo.com\/da\/wp-json\/wp\/v2\/pages\/332\/revisions\/775"}],"wp:attachment":[{"href":"https:\/\/autismusinfo.com\/da\/wp-json\/wp\/v2\/media?parent=332"}],"curies":[{"name":"wp","href":"https:\/\/api.w.org\/{rel}","templated":true}]}}