{"id":363,"date":"2024-09-16T09:55:08","date_gmt":"2024-09-16T07:55:08","guid":{"rendered":"https:\/\/autismusinfo.com\/?page_id=363"},"modified":"2024-11-27T13:10:02","modified_gmt":"2024-11-27T12:10:02","slug":"beratung-firmen-und-organisationen","status":"publish","type":"page","link":"https:\/\/autismusinfo.com\/da\/beratung-firmen-und-organisationen\/","title":{"rendered":"R\u00e5dgivning for virksomheder og organisationer"},"content":{"rendered":"<section class=\"bde-section-363-100 bde-section\">\n  \n  \n\t\n\n\n\n<div class=\"section-container\"><div class=\"bde-rich-text-363-101 bde-rich-text breakdance-rich-text-styles\">\n<p>If\u00f8lge de nyeste unders\u00f8gelser er mindst 1 ud af 30 personer autist, og mange er stadig uvidende om det og har derfor ingen diagnose. Metoder til inklusion af autistiske personer i alle omr\u00e5der af det offentlige liv er s\u00e5ledes enormt vigtige.<br \/>Er din skole eller dit universitet ved at tage skridtet til at blive autismevenlig? Skal din n\u00e6ste udstilling v\u00e6re tilg\u00e6ngelig for autister? Eller ans\u00e6tter du autistiske personer i din virksomhed, og \u00f8nsker du at vide, hvordan sm\u00e5 forandringer kan g\u00f8re en stor forskel i hverdagen, som gavner ikke kun autistiske personer, men alle? Jeg er her for at hj\u00e6lpe. Lad os finde en l\u00f8sning sammen!<\/p>\n<\/div><div class=\"bde-rich-text-363-102 bde-rich-text breakdance-rich-text-styles\">\n<h1>Ydelser for virksomheder og organisationer<\/h1><ul><li>Coaching af virksomheder, skoler, universiteter og uddannelsesinstitutioner<br \/><br \/><\/li><li>Coaching af offentlige myndigheder og institutioner<br \/><br \/><\/li><li>Coaching af museer og arrang\u00f8rer af kulturelle begivenheder<br \/><br \/><\/li><li>Coaching af offentlige transportfirmaer og serviceudbydere i, hvordan man interagerer med<br \/>autistiske kunder<br \/><br \/><\/li><li>Coaching af hospitaler, l\u00e6ger, plejehjem og institutioner<br \/><br \/><\/li><li>Coaching af jobcoaches, eksperter fra handicapforsikringer og psykologer<br \/><br \/><\/li><li>Overs\u00e6ttelse af tekster til tysk, velegnet til mennesker med autisme<br \/><br \/><\/li><li>Copywriting af tekster p\u00e5 tysk, der er velegnede til autistiske mennesker<\/li><\/ul>\n<\/div><div class=\"bde-rich-text-363-103 bde-rich-text breakdance-rich-text-styles\">\n<h1>Hvordan foreg\u00e5r coaching hos mig?<\/h1>\n<p>Coaching kan gennemf\u00f8res efter dit \u00f8nske via videoopkald, telefon, chat eller e-mail. Lad os sammen finde ud af, hvilken mulighed der passer bedst til dine behov.<\/p>\n<p><strong><br \/>Priser:<br \/><\/strong><br \/>CHF 180.\u2013\/time<\/p>\n<p>Kontakt og aftaler:<br \/><strong><br \/>Kontakt:<\/strong> <a href=\"mailto:kontakt@autismusinfo.com\">kontakt@autismusinfo.com<\/a><\/p>\n<\/div><\/div>\n<\/section>","protected":false},"excerpt":{"rendered":"<p>Laut neuesten Erkenntnissen ist ungef\u00e4hr 1 von 30 Personen autistisch, wobei die Dunkelziffer wahrscheinlich gro\u00df ist. Somit sind Konzepte f\u00fcr eine Inklusion autistischer Menschen in allen Bereichen des \u00f6ffentlichen Lebens unerl\u00e4sslich.M\u00f6chte auch Ihre Schule oder Universit\u00e4t Autismus-barrierefrei werden? Soll Ihre n\u00e4chste Ausstellung autismusfreundlich sein? Oder besch\u00e4ftigen Sie in Ihrer Firma autistische Menschen und m\u00f6chten wissen, [&hellip;]<\/p>\n","protected":false},"author":2,"featured_media":0,"parent":0,"menu_order":0,"comment_status":"closed","ping_status":"closed","template":"","meta":{"_breakdance_hide_in_design_set":false,"_breakdance_tags":"","footnotes":""},"class_list":["post-363","page","type-page","status-publish","hentry"],"post_mailing_queue_ids":[],"_links":{"self":[{"href":"https:\/\/autismusinfo.com\/da\/wp-json\/wp\/v2\/pages\/363","targetHints":{"allow":["GET"]}}],"collection":[{"href":"https:\/\/autismusinfo.com\/da\/wp-json\/wp\/v2\/pages"}],"about":[{"href":"https:\/\/autismusinfo.com\/da\/wp-json\/wp\/v2\/types\/page"}],"author":[{"embeddable":true,"href":"https:\/\/autismusinfo.com\/da\/wp-json\/wp\/v2\/users\/2"}],"replies":[{"embeddable":true,"href":"https:\/\/autismusinfo.com\/da\/wp-json\/wp\/v2\/comments?post=363"}],"version-history":[{"count":6,"href":"https:\/\/autismusinfo.com\/da\/wp-json\/wp\/v2\/pages\/363\/revisions"}],"predecessor-version":[{"id":649,"href":"https:\/\/autismusinfo.com\/da\/wp-json\/wp\/v2\/pages\/363\/revisions\/649"}],"wp:attachment":[{"href":"https:\/\/autismusinfo.com\/da\/wp-json\/wp\/v2\/media?parent=363"}],"curies":[{"name":"wp","href":"https:\/\/api.w.org\/{rel}","templated":true}]}}