{"id":352,"date":"2024-09-11T17:00:56","date_gmt":"2024-09-11T15:00:56","guid":{"rendered":"https:\/\/autismusinfo.com\/?page_id=352"},"modified":"2025-09-27T11:25:49","modified_gmt":"2025-09-27T09:25:49","slug":"beratung-privatpersonen","status":"publish","type":"page","link":"https:\/\/autismusinfo.com\/en\/beratung-privatpersonen\/","title":{"rendered":"Consulting for individuals"},"content":{"rendered":"<section class=\"bde-section-352-100 bde-section\">\n  \n  \n\t\n\n\n\n<div class=\"section-container\"><div class=\"bde-rich-text-352-101 bde-rich-text breakdance-rich-text-styles\">\n<p>Are you or someone close to you affected by autism or ADHD and need help overcoming challenges? I am here for you and would be happy to support you in finding solutions.<\/p>\n<\/div><div class=\"bde-rich-text-352-102 bde-rich-text breakdance-rich-text-styles\">\n<h1>Services for individuals<\/h1>\n<ul>\n<li>Consulting for autistic and adhd people, including late diagnosed adults<\/li>\n<li>Consulting for relatives and loved ones<\/li>\n<li>Consulting for the entire environment (family, workplace, school) together with the affected person<\/li>\n<li>Consulting for teachers, professionals in the fields of psychology, care and support, as well as curators<\/li>\n<li>Peer-Gespr\u00e4che in Zusammenarbeit mit Peer-Genesungsbegleitung Claudia Rohner.<\/li>\n<\/ul>\n<\/div><div class=\"bde-rich-text-352-103 bde-rich-text breakdance-rich-text-styles\">\n<h1>How does the consulting take place?<\/h1><p>The consulting can be carried out according to your preference: via video call, phone, chat, e-mail, or during a walk in nature, if you live close by.<\/p>\n<\/div><div class=\"bde-rich-text-352-104 bde-rich-text breakdance-rich-text-styles\">\n<h1>I do not offer:<\/h1><p>In-person consulting where clients must come to me and sit in a closed room, as in my experience, this type of consulting can be highly stressful for people with autism or ADHD and is therefore not well suited. However, if none of the above consulting methods work for you, we can discuss what you need for a comfortable consultation and find a solution together.<\/p>\n<\/div><div class=\"bde-rich-text-352-105 bde-rich-text breakdance-rich-text-styles\">\n<h1>Prices:<\/h1>\n<p>Consultation via video call\/phone\/during a walk: CHF 120.\u2013\/hour\nConsultation via email\/chat: CHF 90.\u2013\/hour<\/p>\n<p>Beratung per E-Mail\/Chat: CHF 90.\u2013\/Stunde<\/p>\n<p>Peer-Gespr\u00e4che (Claudia Rohner): CHF 75.\u2013\/Stunde<\/p>\n<p>\u00a0<\/p>\n<p><strong>Appointments:<\/strong> <a href=\"mailto:kontakt@autismusinfo.com\">kontakt@autismusinfo.com<\/a><\/p>\n<\/div><div class=\"bde-rich-text-352-106 bde-rich-text breakdance-rich-text-styles\">\n<h1>Disclaimer<\/h1><p>Coaching and consulting cannot replace a diagnosis or treatment by a medical, psychological, or psychiatric professional. No diagnosis, treatment, or therapy is provided during coaching.<\/p><p>If you are currently receiving medical or psychotherapeutic treatment or are taking medication, please consult your doctor before beginning coaching. All individuals who are being coached by me are fully responsible for their actions, decisions, and mental health.<\/p>\n<\/div><\/div>\n<\/section>","protected":false},"excerpt":{"rendered":"<p>Sind Sie selbst oder eine nahestehende Person von Autismus oder ADHS betroffen und ben\u00f6tigen Hilfe beim Bew\u00e4ltigen von Herausforderungen? Ich bin f\u00fcr Sie da und begleite Sie gerne bei Ihrer L\u00f6sungsfindung. Leistungen f\u00fcr Privatpersonen Beratung f\u00fcr Betroffene, auch sp\u00e4t diagnostizierte Erwachsene Beratung f\u00fcr Angeh\u00f6rige Beratung f\u00fcr das gesamte Umfeld (Familie, Arbeitsstelle, Schule) in Absprache mit [&hellip;]<\/p>\n","protected":false},"author":2,"featured_media":0,"parent":0,"menu_order":0,"comment_status":"closed","ping_status":"closed","template":"","meta":{"_breakdance_hide_in_design_set":false,"_breakdance_tags":"","footnotes":""},"class_list":["post-352","page","type-page","status-publish","hentry"],"post_mailing_queue_ids":[],"_links":{"self":[{"href":"https:\/\/autismusinfo.com\/en\/wp-json\/wp\/v2\/pages\/352","targetHints":{"allow":["GET"]}}],"collection":[{"href":"https:\/\/autismusinfo.com\/en\/wp-json\/wp\/v2\/pages"}],"about":[{"href":"https:\/\/autismusinfo.com\/en\/wp-json\/wp\/v2\/types\/page"}],"author":[{"embeddable":true,"href":"https:\/\/autismusinfo.com\/en\/wp-json\/wp\/v2\/users\/2"}],"replies":[{"embeddable":true,"href":"https:\/\/autismusinfo.com\/en\/wp-json\/wp\/v2\/comments?post=352"}],"version-history":[{"count":7,"href":"https:\/\/autismusinfo.com\/en\/wp-json\/wp\/v2\/pages\/352\/revisions"}],"predecessor-version":[{"id":761,"href":"https:\/\/autismusinfo.com\/en\/wp-json\/wp\/v2\/pages\/352\/revisions\/761"}],"wp:attachment":[{"href":"https:\/\/autismusinfo.com\/en\/wp-json\/wp\/v2\/media?parent=352"}],"curies":[{"name":"wp","href":"https:\/\/api.w.org\/{rel}","templated":true}]}}