{"id":363,"date":"2024-09-16T09:55:08","date_gmt":"2024-09-16T07:55:08","guid":{"rendered":"https:\/\/autismusinfo.com\/?page_id=363"},"modified":"2024-11-27T13:10:02","modified_gmt":"2024-11-27T12:10:02","slug":"beratung-firmen-und-organisationen","status":"publish","type":"page","link":"https:\/\/autismusinfo.com\/en\/beratung-firmen-und-organisationen\/","title":{"rendered":"Consulting for companies and organizations"},"content":{"rendered":"<section class=\"bde-section-363-100 bde-section\">\n  \n  \n\t\n\n\n\n<div class=\"section-container\"><div class=\"bde-rich-text-363-101 bde-rich-text breakdance-rich-text-styles\">\n<p>According to the latest studies, approximately 1 in 30 people are autistic, with quite a high number still not aware and undiagnosed. Therefore, concepts for the inclusion of autistic people in all areas of public life are essential.<br \/>Is your school or university taking steps to become autism-accessible? Do you want your next exhibition to be autism-friendly? Or do you employ autistic people in your company and want to know how small adjustments can make a big difference, benefiting not only autistic individuals but everyone? I am here to help. Let's find a solution together!<\/p>\n<\/div><div class=\"bde-rich-text-363-102 bde-rich-text breakdance-rich-text-styles\">\n<h1>Services for Companies and Organizations<\/h1><ul><li>Consulting for companies, schools, universities, and training institutions<br \/><br \/><\/li><li>Consulting for government agencies and public service organizations<br \/><br \/><\/li><li>Consulting for museums and cultural event organizers<br \/><br \/><\/li><li>Consulting for public transportation companies and service providers on how to interact with<br \/>autistic customers<br \/><br \/><\/li><li>Consulting for hospitals, doctors, care facilities and institutions<br \/><br \/><\/li><li>Consulting for job coaches, disability insurance assessors, and psychological institutions<br \/><br \/><\/li><li>Translating texts into German, suitable for autistic individuals<br \/><br \/><\/li><li>Copywriting of texts in German, suitable for autistic people<\/li><\/ul>\n<\/div><div class=\"bde-rich-text-363-103 bde-rich-text breakdance-rich-text-styles\">\n<h1>How does the consulting take place?<\/h1>\n<p>Consulting can be conducted according to your preference via video call, phone, chat, email, at your location, or during a walk in nature if you live close by. We can discuss together which option best suits your needs.<\/p>\n<p><strong><br \/>Prices:<br \/><\/strong><br \/>CHF 180.\u2013\/hour<\/p>\n<p>Appointments:<br \/><strong><br \/>Contact:<\/strong> <a href=\"mailto:kontakt@autismusinfo.com\">kontakt@autismusinfo.com<\/a><\/p>\n<\/div><\/div>\n<\/section>","protected":false},"excerpt":{"rendered":"<p>Laut neuesten Erkenntnissen ist ungef\u00e4hr 1 von 30 Personen autistisch, wobei die Dunkelziffer wahrscheinlich gro\u00df ist. Somit sind Konzepte f\u00fcr eine Inklusion autistischer Menschen in allen Bereichen des \u00f6ffentlichen Lebens unerl\u00e4sslich.M\u00f6chte auch Ihre Schule oder Universit\u00e4t Autismus-barrierefrei werden? Soll Ihre n\u00e4chste Ausstellung autismusfreundlich sein? Oder besch\u00e4ftigen Sie in Ihrer Firma autistische Menschen und m\u00f6chten wissen, [&hellip;]<\/p>\n","protected":false},"author":2,"featured_media":0,"parent":0,"menu_order":0,"comment_status":"closed","ping_status":"closed","template":"","meta":{"_breakdance_hide_in_design_set":false,"_breakdance_tags":"","footnotes":""},"class_list":["post-363","page","type-page","status-publish","hentry"],"post_mailing_queue_ids":[],"_links":{"self":[{"href":"https:\/\/autismusinfo.com\/en\/wp-json\/wp\/v2\/pages\/363","targetHints":{"allow":["GET"]}}],"collection":[{"href":"https:\/\/autismusinfo.com\/en\/wp-json\/wp\/v2\/pages"}],"about":[{"href":"https:\/\/autismusinfo.com\/en\/wp-json\/wp\/v2\/types\/page"}],"author":[{"embeddable":true,"href":"https:\/\/autismusinfo.com\/en\/wp-json\/wp\/v2\/users\/2"}],"replies":[{"embeddable":true,"href":"https:\/\/autismusinfo.com\/en\/wp-json\/wp\/v2\/comments?post=363"}],"version-history":[{"count":6,"href":"https:\/\/autismusinfo.com\/en\/wp-json\/wp\/v2\/pages\/363\/revisions"}],"predecessor-version":[{"id":649,"href":"https:\/\/autismusinfo.com\/en\/wp-json\/wp\/v2\/pages\/363\/revisions\/649"}],"wp:attachment":[{"href":"https:\/\/autismusinfo.com\/en\/wp-json\/wp\/v2\/media?parent=363"}],"curies":[{"name":"wp","href":"https:\/\/api.w.org\/{rel}","templated":true}]}}