{"id":376,"date":"2024-09-16T15:25:10","date_gmt":"2024-09-16T13:25:10","guid":{"rendered":"https:\/\/autismusinfo.com\/?page_id=376"},"modified":"2026-03-29T12:11:40","modified_gmt":"2026-03-29T10:11:40","slug":"tools-links-frageboegen","status":"publish","type":"page","link":"https:\/\/autismusinfo.com\/en\/tools-links-frageboegen\/","title":{"rendered":"Tools, links and questionnaires"},"content":{"rendered":"<section class=\"bde-section-376-112 bde-section\">\n  \n  \n\t\n\n\n\n<div class=\"section-container\"><div class=\"bde-rich-text-376-111 bde-rich-text breakdance-rich-text-styles\">\n<p>If you would like to support the development of new tools and the translation of texts for autistic individuals and professionals, please click:\u00a0 <a href=\"https:\/\/gofund.me\/9132f8a5\">https:\/\/gofund.me\/9132f8a5<\/a><\/p>\n<\/div><div class=\"bde-rich-text-376-129 bde-rich-text breakdance-rich-text-styles\">\n<p><img loading=\"lazy\" decoding=\"async\" class=\"alignnone  wp-image-708\" src=\"https:\/\/autismusinfo.com\/wp-content\/uploads\/2024\/12\/1738421818176-2.jpg\" alt=\"\" width=\"568\" height=\"462\" srcset=\"https:\/\/autismusinfo.com\/wp-content\/uploads\/2024\/12\/1738421818176-2.jpg 1901w, https:\/\/autismusinfo.com\/wp-content\/uploads\/2024\/12\/1738421818176-2-300x244.jpg 300w, https:\/\/autismusinfo.com\/wp-content\/uploads\/2024\/12\/1738421818176-2-1024x832.jpg 1024w, https:\/\/autismusinfo.com\/wp-content\/uploads\/2024\/12\/1738421818176-2-768x624.jpg 768w, https:\/\/autismusinfo.com\/wp-content\/uploads\/2024\/12\/1738421818176-2-1536x1248.jpg 1536w, https:\/\/autismusinfo.com\/wp-content\/uploads\/2024\/12\/1738421818176-2-15x12.jpg 15w\" sizes=\"auto, (max-width: 568px) 100vw, 568px\" \/><\/p>\n<\/div><div class=\"bde-rich-text-376-128 bde-rich-text breakdance-rich-text-styles\">\n<p><strong>STATEMENTS FACHPERSONEN<\/strong><\/p>\n<p><strong><a href=\"https:\/\/autismusinfo.com\/wp-content\/uploads\/2024\/12\/Statement-Fr.-Dr.-Schekulin.pdf\">Statement Fr. Dr. Schekulin<\/a> <\/strong><\/p>\n<p><strong><a href=\"https:\/\/autismusinfo.com\/wp-content\/uploads\/2024\/12\/Statement-Marianne-Flury-Inhaberin-PLI-Institut.pdf\">Statement Marianne Flury, Inhaberin PLI Institut<\/a><\/strong><\/p>\n<\/div><\/div>\n<\/section><section class=\"bde-section-376-100 bde-section\">\n  \n  \n\t\n\n\n\n<div class=\"section-container\"><div class=\"bde-rich-text-376-117 bde-rich-text breakdance-rich-text-styles\">\n<p>You may download and use these questionnaires and tools, if you use them for non-profit purposes. The copyright disclaimer must not be removed from the document. Commercial use is not permitted. You should only use these questionnaires if you have the necessary knowledge and experience to evaluate and interpret them. The questionnaires and tools are provided without warranty or liability.<\/p>\n<\/div><div class=\"bde-rich-text-376-101 bde-rich-text breakdance-rich-text-styles\">\n<h1>Tools<\/h1>\n<div id=\"gtx-trans\" style=\"position: absolute; left: 26px; top: 64.4375px;\">\n<div class=\"gtx-trans-icon\">\u00a0<\/div>\n<\/div>\n<\/div><a class=\"bde-text-link-376-113 bde-text-link breakdance-link\" href=\"https:\/\/autismusinfo.com\/wp-content\/uploads\/2024\/10\/Erklaerung-zu-Autismusfrageboegen.pdf\" target=\"_self\" data-type=\"url\">\n  Not available yet.\n\n<\/a><a class=\"bde-text-link-376-118 bde-text-link breakdance-link\" href=\"https:\/\/autismusinfo.com\/wp-content\/uploads\/2024\/09\/2024-09-29-11_59_30-ANZEICHEN-VON-AUTISMUS-IM-ERWACHSENENALTER.docx-Word.png\" target=\"_self\" data-type=\"url\">\n  not available yet\n\n<\/a><a class=\"bde-text-link-376-130 bde-text-link breakdance-link\" href=\"https:\/\/autismusinfo.com\/wp-content\/uploads\/2025\/09\/SPEKTRUM-PASS.CvG_.pdf\" target=\"_self\" data-type=\"url\">\n  Spektrum-Pass von Cornelia van Groenewoud\n\n<\/a><div class=\"bde-rich-text-376-115 bde-rich-text breakdance-rich-text-styles\">\n<h1>Questionnaires<\/h1>\n<div id=\"gtx-trans\" style=\"position: absolute; left: 26px; top: 64.4375px;\">\n<div class=\"gtx-trans-icon\">\u00a0<\/div>\n<\/div>\n<\/div><div class=\"bde-rich-text-376-133 bde-rich-text breakdance-rich-text-styles\">\n<h5>Es ist soweit. Der Fragebogen f\u00fcr sensorische Sensibilit\u00e4t (neue Version) ist nun in einer Studie verifiziert. Der Studienbericht ist in Arbeit, erste Berechnungen zeigen ein hochsignifikantes Ergebnis in Bezug auf Autismus- und ADHS-Diagnosen, insbesondere bei gemeinsamer Verbendung mit dem MAIA-2-Fragebogen. Unter Angabe des Copyrights darf er gerne f\u00fcr die weiterf\u00fchrende Diagnostik und nicht-kommerzielle Zwecke verwendet werden.<\/h5>\n<\/div><a class=\"bde-text-link-376-132 bde-text-link breakdance-link\" href=\"https:\/\/autismusinfo.com\/wp-content\/uploads\/2026\/03\/Fragebogen-sensorische-Sensibilitaet-nach-Sinneseindruecken-verifiziert.pdf\" target=\"_self\" data-type=\"url\">\n  Not available yet\n\n<\/a><a class=\"bde-text-link-376-124 bde-text-link breakdance-link\" href=\"https:\/\/autismusinfo.com\/wp-content\/uploads\/2024\/10\/MAIA-2-Fragebogen-Interozeption.pdf\" target=\"_blank\" data-type=\"url\">\n  https:\/\/novopsych.com.au\/assessments\/formulation\/multidimensional-assessment-of-interoceptive-awareness-version-2-maia-2\/\n\n<\/a><a class=\"bde-text-link-376-126 bde-text-link breakdance-link\" href=\"https:\/\/embrace-autism.com\/cat-q\/\" target=\"_blank\" data-type=\"url\">\n  CAT-Q Masking Test\n\n<\/a><a class=\"bde-text-link-376-131 bde-text-link breakdance-link\" href=\"https:\/\/autismusinfo.com\/wp-content\/uploads\/2025\/11\/autism-good-feeling-questionnaire-peter-vermeulen-german.pdf\" target=\"_self\" data-type=\"url\">\n  Gutes-Gef\u00fchl-Fragebogen\n\n<\/a><div class=\"bde-rich-text-376-116 bde-rich-text breakdance-rich-text-styles\">\n<h1>Links<\/h1>\n<div id=\"gtx-trans\" style=\"position: absolute; left: 26px; top: 64.4375px;\">\n<div class=\"gtx-trans-icon\">\u00a0<\/div>\n<\/div>\n<\/div><a class=\"bde-text-link-376-119 bde-text-link breakdance-link\" href=\"https:\/\/www.proz.com\/translator\/1519676\" target=\"_blank\" data-type=\"url\">\n  Autism friendly translations and texts\n\n<\/a><a class=\"bde-text-link-376-120 bde-text-link breakdance-link\" href=\"https:\/\/www.facebook.com\/ig.adhs.schweiz.ch\" target=\"_blank\" data-type=\"url\">\n  ADHS &amp; Autismus Family Switzerland\n\n<\/a><a class=\"bde-text-link-376-123 bde-text-link breakdance-link\" href=\"https:\/\/www.kirjaverlag.ch\/\" target=\"_blank\" data-type=\"url\">\n  www.kirjaverlag.ch\/\n\n<\/a><a class=\"bde-text-link-376-121 bde-text-link breakdance-link\" href=\"https:\/\/www.facebook.com\/MasterKrocki\" target=\"_blank\" data-type=\"url\">\n  ADHD\/autism friendly polysportiv group\n\n<\/a><\/div>\n<\/section>","protected":false},"excerpt":{"rendered":"<p>Falls Sie die Entwicklung neuer Tools und \u00dcbersetzung von Texten f\u00fcr autistische Menschen und Fachpersonen unterst\u00fctzen m\u00f6chten, klicken Sie bitte auf:\u00a0 https:\/\/gofund.me\/9132f8a5 STATEMENTS FACHPERSONEN Statement Fr. Dr. Schekulin Statement Marianne Flury, Inhaberin PLI Institut Diese Frageb\u00f6gen und Tools d\u00fcrfen gerne heruntergeladen und verwendet werden, solange sie kostenlos (Non-Profit) eingesetzt werden. Der Copyright-Disclaimer darf aus dem [&hellip;]<\/p>\n","protected":false},"author":2,"featured_media":0,"parent":0,"menu_order":0,"comment_status":"closed","ping_status":"closed","template":"","meta":{"_breakdance_hide_in_design_set":false,"_breakdance_tags":"","footnotes":""},"class_list":["post-376","page","type-page","status-publish","hentry"],"post_mailing_queue_ids":[],"_links":{"self":[{"href":"https:\/\/autismusinfo.com\/en\/wp-json\/wp\/v2\/pages\/376","targetHints":{"allow":["GET"]}}],"collection":[{"href":"https:\/\/autismusinfo.com\/en\/wp-json\/wp\/v2\/pages"}],"about":[{"href":"https:\/\/autismusinfo.com\/en\/wp-json\/wp\/v2\/types\/page"}],"author":[{"embeddable":true,"href":"https:\/\/autismusinfo.com\/en\/wp-json\/wp\/v2\/users\/2"}],"replies":[{"embeddable":true,"href":"https:\/\/autismusinfo.com\/en\/wp-json\/wp\/v2\/comments?post=376"}],"version-history":[{"count":44,"href":"https:\/\/autismusinfo.com\/en\/wp-json\/wp\/v2\/pages\/376\/revisions"}],"predecessor-version":[{"id":792,"href":"https:\/\/autismusinfo.com\/en\/wp-json\/wp\/v2\/pages\/376\/revisions\/792"}],"wp:attachment":[{"href":"https:\/\/autismusinfo.com\/en\/wp-json\/wp\/v2\/media?parent=376"}],"curies":[{"name":"wp","href":"https:\/\/api.w.org\/{rel}","templated":true}]}}