{"id":768,"date":"2025-10-20T13:11:31","date_gmt":"2025-10-20T11:11:31","guid":{"rendered":"https:\/\/autismusinfo.com\/?page_id=768"},"modified":"2025-10-20T13:11:31","modified_gmt":"2025-10-20T11:11:31","slug":"mein-buch","status":"publish","type":"page","link":"https:\/\/autismusinfo.com\/en\/mein-buch\/","title":{"rendered":"Mein Buch"},"content":{"rendered":"<section class=\"bde-section-768-100 bde-section\">\n  \n  \n\t\n\n\n\n<div class=\"section-container\"><div class=\"bde-rich-text-768-101 bde-rich-text breakdance-rich-text-styles\">\n<h1>BUCH<\/h1>\n<\/div><div class=\"bde-columns-768-107 bde-columns\"><div class=\"bde-column-768-109 bde-column\">\n  \n  \n\t\n\n\n\n<div class=\"bde-image-768-110 bde-image\">\n<figure class=\"breakdance-image breakdance-image--769\">\n\t<div class=\"breakdance-image-container\">\n\t\t<div class=\"breakdance-image-clip\"><a class=\"breakdance-image-link breakdance-image-link--url\" href=\"https:\/\/www.buchschmiede.at\/app\/book\/278707-Sigrid-Andersen-Amie-Am-Ende-der-Traume;bookType=PB\" target=\"_self\" rel=\"noopener\" data-sub-html=\"\" data-lg-size=\"-\"><img loading=\"lazy\" decoding=\"async\" class=\"breakdance-image-object\" src=\"https:\/\/autismusinfo.com\/wp-content\/uploads\/2025\/10\/def_illustration_AMIE_rgb_ebook-scaled.jpg\" width=\"1804\" height=\"2560\" srcset=\"https:\/\/autismusinfo.com\/wp-content\/uploads\/2025\/10\/def_illustration_AMIE_rgb_ebook-scaled.jpg 1804w, https:\/\/autismusinfo.com\/wp-content\/uploads\/2025\/10\/def_illustration_AMIE_rgb_ebook-211x300.jpg 211w, https:\/\/autismusinfo.com\/wp-content\/uploads\/2025\/10\/def_illustration_AMIE_rgb_ebook-722x1024.jpg 722w, https:\/\/autismusinfo.com\/wp-content\/uploads\/2025\/10\/def_illustration_AMIE_rgb_ebook-768x1090.jpg 768w, https:\/\/autismusinfo.com\/wp-content\/uploads\/2025\/10\/def_illustration_AMIE_rgb_ebook-1083x1536.jpg 1083w, https:\/\/autismusinfo.com\/wp-content\/uploads\/2025\/10\/def_illustration_AMIE_rgb_ebook-1444x2048.jpg 1444w, https:\/\/autismusinfo.com\/wp-content\/uploads\/2025\/10\/def_illustration_AMIE_rgb_ebook-8x12.jpg 8w\" sizes=\"auto, (max-width: 1804px) 100vw, 1804px\"><\/a><\/div>\n\t<\/div><\/figure>\n\n<\/div>\n<\/div><div class=\"bde-column-768-108 bde-column\">\n  \n  \n\t\n\n\n\n<div class=\"bde-rich-text-768-102 bde-rich-text breakdance-rich-text-styles\">\n<p>Als ich im Alter von 45 Jahren die Diagnose Autismus-Spektrum-St\u00f6rung und ADHS erhielt, durchlief ich zun\u00e4chst eine Phase der Trauer und Depression. Wie anders h\u00e4tte mein Leben doch verlaufen k\u00f6nnen, wenn diese Diagnose bereits im Kindesalter gestellt worden w\u00e4re. Im Zuge meiner Trauerarbeit und der Aufarbeitung von Erlebnissen aus meiner Kindheit entstand der Jugendroman Amie \u2013 Am Ende der Tr\u00e4ume. Die Geschichte ist zwar frei erfunden, enth\u00e4lt aber viele autobiografische Elemente. Das Schreiben hat nicht nur sehr gut getan, ich hoffe auch, mit meinem Buch ganz vielen jungen Menschen helfen zu k\u00f6nnen.<\/p>\n<p><strong>Story:<\/strong><\/p>\n<p>Die 16-j\u00e4hrige Amie hatte schon immer das Gef\u00fchl, anders zu sein, nicht in diese Welt zu passen. Zu Problemen mit den Eltern und dem Mobbing in der Schule kommen immer \u00f6fter dunkle, qu\u00e4lende Gedanken, die Amie zunehmend belasten. Um sich von all dem abzulenken, st\u00fcrzt sie sich in eine Welt voller Partys, Drogen und waghalsiger Stunts. Immer mit dabei ist die um einige Jahre \u00e4ltere Lana, die f\u00fcr Amie bald eine wichtige Rolle spielt.<\/p>\n<p>\u00a0<\/p>\n<\/div>\n<\/div><\/div><div class=\"bde-rich-text-768-103 bde-rich-text breakdance-rich-text-styles\">\n<h1>Erh\u00e4ltlich bei:<\/h1>\n<p><a href=\"https:\/\/www.buchschmiede.at\/app\/book\/278707-Sigrid-Andersen-Amie-Am-Ende-der-Traume;bookType=PB\">Buchschmiede.at<\/a><\/p>\n<p>Sowie auf allen gr\u00f6\u00dferen Buchplattformen und im Buchhandel in \u00d6sterreich, Deutschland, der Schweiz und D\u00e4nemark.<\/p>\n<\/div><\/div>\n<\/section>","protected":false},"excerpt":{"rendered":"<p>BUCH Als ich im Alter von 45 Jahren die Diagnose Autismus-Spektrum-St\u00f6rung und ADHS erhielt, durchlief ich zun\u00e4chst eine Phase der Trauer und Depression. Wie anders h\u00e4tte mein Leben doch verlaufen k\u00f6nnen, wenn diese Diagnose bereits im Kindesalter gestellt worden w\u00e4re. Im Zuge meiner Trauerarbeit und der Aufarbeitung von Erlebnissen aus meiner Kindheit entstand der Jugendroman [&hellip;]<\/p>\n","protected":false},"author":1,"featured_media":0,"parent":0,"menu_order":0,"comment_status":"closed","ping_status":"closed","template":"","meta":{"_breakdance_hide_in_design_set":false,"_breakdance_tags":"","footnotes":""},"class_list":["post-768","page","type-page","status-publish","hentry"],"post_mailing_queue_ids":[],"_links":{"self":[{"href":"https:\/\/autismusinfo.com\/en\/wp-json\/wp\/v2\/pages\/768","targetHints":{"allow":["GET"]}}],"collection":[{"href":"https:\/\/autismusinfo.com\/en\/wp-json\/wp\/v2\/pages"}],"about":[{"href":"https:\/\/autismusinfo.com\/en\/wp-json\/wp\/v2\/types\/page"}],"author":[{"embeddable":true,"href":"https:\/\/autismusinfo.com\/en\/wp-json\/wp\/v2\/users\/1"}],"replies":[{"embeddable":true,"href":"https:\/\/autismusinfo.com\/en\/wp-json\/wp\/v2\/comments?post=768"}],"version-history":[{"count":4,"href":"https:\/\/autismusinfo.com\/en\/wp-json\/wp\/v2\/pages\/768\/revisions"}],"predecessor-version":[{"id":773,"href":"https:\/\/autismusinfo.com\/en\/wp-json\/wp\/v2\/pages\/768\/revisions\/773"}],"wp:attachment":[{"href":"https:\/\/autismusinfo.com\/en\/wp-json\/wp\/v2\/media?parent=768"}],"curies":[{"name":"wp","href":"https:\/\/api.w.org\/{rel}","templated":true}]}}